{"id":603,"date":"2025-12-24T10:44:24","date_gmt":"2025-12-24T09:44:24","guid":{"rendered":"https:\/\/psv-bogenschiessen.de\/?page_id=603"},"modified":"2025-12-24T10:44:24","modified_gmt":"2025-12-24T09:44:24","slug":"events","status":"publish","type":"page","link":"https:\/\/psv-bogenschiessen.de\/?page_id=603","title":{"rendered":"Events"},"content":{"rendered":"\n<p>Wir bieten auch Bogenschie\u00dfen als Event an. Dies passiert nur \u00fcber Kontakt zu unserer Abteilungsleitung: abteilungsleiter@psv-bogenschie\u00dfen.de<\/p>\n\n\n\n<p><\/p>\n","protected":false},"excerpt":{"rendered":"<p>Wir bieten auch Bogenschie\u00dfen als Event an. Dies passiert nur \u00fcber Kontakt zu unserer Abteilungsleitung: abteilungsleiter@psv-bogenschie\u00dfen.de<\/p>\n","protected":false},"author":1,"featured_media":0,"parent":0,"menu_order":0,"comment_status":"closed","ping_status":"closed","template":"","meta":{"footnotes":""},"class_list":["post-603","page","type-page","status-publish","hentry"],"_links":{"self":[{"href":"https:\/\/psv-bogenschiessen.de\/index.php?rest_route=\/wp\/v2\/pages\/603","targetHints":{"allow":["GET"]}}],"collection":[{"href":"https:\/\/psv-bogenschiessen.de\/index.php?rest_route=\/wp\/v2\/pages"}],"about":[{"href":"https:\/\/psv-bogenschiessen.de\/index.php?rest_route=\/wp\/v2\/types\/page"}],"author":[{"embeddable":true,"href":"https:\/\/psv-bogenschiessen.de\/index.php?rest_route=\/wp\/v2\/users\/1"}],"replies":[{"embeddable":true,"href":"https:\/\/psv-bogenschiessen.de\/index.php?rest_route=%2Fwp%2Fv2%2Fcomments&post=603"}],"version-history":[{"count":1,"href":"https:\/\/psv-bogenschiessen.de\/index.php?rest_route=\/wp\/v2\/pages\/603\/revisions"}],"predecessor-version":[{"id":604,"href":"https:\/\/psv-bogenschiessen.de\/index.php?rest_route=\/wp\/v2\/pages\/603\/revisions\/604"}],"wp:attachment":[{"href":"https:\/\/psv-bogenschiessen.de\/index.php?rest_route=%2Fwp%2Fv2%2Fmedia&parent=603"}],"curies":[{"name":"wp","href":"https:\/\/api.w.org\/{rel}","templated":true}]}}